{"id":85,"date":"2018-07-10T18:21:47","date_gmt":"2018-07-10T18:21:47","guid":{"rendered":"http:\/\/wptransparencia.localhost\/?page_id=85"},"modified":"2024-10-14T13:51:11","modified_gmt":"2024-10-14T13:51:11","slug":"contacto","status":"publish","type":"page","link":"https:\/\/mem.gob.do\/transparencia\/contacto\/","title":{"rendered":"Contacto"},"content":{"rendered":"\n<div class=\"embed-responsive embed-responsive-16by9\">\n<iframe src=\"https:\/\/www.google.com\/maps\/embed?pb=!1m14!1m8!1m3!1d473.09138017336176!2d-69.928225!3d18.450517!3m2!1i1024!2i768!4f13.1!3m3!1m2!1s0x0%3A0x8bdd3d0056b77fc8!2sCorporaci%C3%B3n%20Dominicana%20de%20Empresas%20El%C3%A9ctricas%20Estatales!5e0!3m2!1ses!2sus!4v1640289229469!5m2!1ses!2sus\"  style=\"border:0;\" allowfullscreen=\"\" loading=\"lazy\"><\/iframe>\n\n<\/div>\n\n\n<div class=\"row\">\n<div class=\"col-12\">\u00a0<\/div>\n<\/div>\n<div class=\"row p-3\">\n<div class=\"col-12 col-md-6\">\n<h2 class=\"entry-title\">\u00bfDONDE ESTAMOS UBICADOS?<\/h2>\n<hr \/>\n<p><strong>Direcci\u00f3n:\u00a0 \u00a0<\/strong><\/p>\n<p>Avenida Independencia #1428, esquina C\/ Fray Cipriano de Utrera, Centro de los H\u00e9roes, Santo Domingo, R.D.<\/p>\n<p><strong>Tel\u00e9fono:<\/strong><br \/>809-535-9098<br \/><strong>Fax: <\/strong><br \/>809-535-9098<br \/><strong>Correo electr\u00f3nico: <\/strong><br \/>info@mem.gob.do<br \/><strong>Horario Laboral:<\/strong><br \/>Lunes a viernes de 8:00am a 4:00pm<\/p>\n<\/div>\n<div class=\"col-12 col-md-6\">\n<h2 class=\"entry-title\">ESCR\u00cdBENOS<\/h2>\n<hr \/>\n\n<div class=\"wpcf7 no-js\" id=\"wpcf7-f84-o1\" lang=\"es-ES\" dir=\"ltr\" data-wpcf7-id=\"84\">\n<div class=\"screen-reader-response\"><p role=\"status\" aria-live=\"polite\" aria-atomic=\"true\"><\/p> <ul><\/ul><\/div>\n<form action=\"\/transparencia\/wp-json\/wp\/v2\/pages\/85#wpcf7-f84-o1\" method=\"post\" class=\"wpcf7-form init\" aria-label=\"Formulario de contacto\" novalidate=\"novalidate\" data-status=\"init\">\n<fieldset class=\"hidden-fields-container\"><input type=\"hidden\" name=\"_wpcf7\" value=\"84\" \/><input type=\"hidden\" name=\"_wpcf7_version\" value=\"6.1.5\" \/><input type=\"hidden\" name=\"_wpcf7_locale\" value=\"es_ES\" \/><input type=\"hidden\" name=\"_wpcf7_unit_tag\" value=\"wpcf7-f84-o1\" \/><input type=\"hidden\" name=\"_wpcf7_container_post\" value=\"0\" \/><input type=\"hidden\" name=\"_wpcf7_posted_data_hash\" value=\"\" \/>\n<\/fieldset>\n<p><label> Nombre (obligatorio)<br \/>\n<span class=\"wpcf7-form-control-wrap\" data-name=\"your-name\"><input size=\"40\" maxlength=\"400\" class=\"wpcf7-form-control wpcf7-text wpcf7-validates-as-required\" aria-required=\"true\" aria-invalid=\"false\" value=\"\" type=\"text\" name=\"your-name\" \/><\/span><\/label>\n<\/p>\n<p><label> Correo electr\u00f3nico (obligatorio)<br \/>\n<span class=\"wpcf7-form-control-wrap\" data-name=\"your-email\"><input size=\"40\" maxlength=\"400\" class=\"wpcf7-form-control wpcf7-email wpcf7-validates-as-required wpcf7-text wpcf7-validates-as-email\" aria-required=\"true\" aria-invalid=\"false\" value=\"\" type=\"email\" name=\"your-email\" \/><\/span> <\/label>\n<\/p>\n<p><label> Su mensaje (obligatorio)<br \/>\n<span class=\"wpcf7-form-control-wrap\" data-name=\"your-message\"><textarea cols=\"40\" rows=\"10\" maxlength=\"2000\" class=\"wpcf7-form-control wpcf7-textarea wpcf7-validates-as-required\" aria-required=\"true\" aria-invalid=\"false\" name=\"your-message\"><\/textarea><\/span> <\/label>\n<\/p>\n<p><input class=\"wpcf7-form-control wpcf7-submit has-spinner\" type=\"submit\" value=\"Enviar\" \/>\n<\/p><div class=\"wpcf7-response-output\" aria-hidden=\"true\"><\/div>\n<\/form>\n<\/div>\n\n<\/div>\n<\/div>","protected":false},"excerpt":{"rendered":"<p>\u00a0 \u00bfDONDE ESTAMOS UBICADOS? Direcci\u00f3n:\u00a0 \u00a0 Avenida Independencia #1428, esquina C\/ Fray Cipriano de Utrera, Centro de los H\u00e9roes, Santo Domingo, R.D. Tel\u00e9fono:809-535-9098Fax: 809-535-9098Correo electr\u00f3nico: info@mem.gob.doHorario Laboral:Lunes a viernes de 8:00am a 4:00pm ESCR\u00cdBENOS<\/p>\n","protected":false},"author":1,"featured_media":0,"parent":0,"menu_order":0,"comment_status":"closed","ping_status":"closed","template":"","meta":{"_monsterinsights_skip_tracking":false,"_monsterinsights_sitenote_active":false,"_monsterinsights_sitenote_note":"","_monsterinsights_sitenote_category":0,"footnotes":""},"categories":[],"class_list":["post-85","page","type-page","status-publish","hentry"],"_links":{"self":[{"href":"https:\/\/mem.gob.do\/transparencia\/wp-json\/wp\/v2\/pages\/85","targetHints":{"allow":["GET"]}}],"collection":[{"href":"https:\/\/mem.gob.do\/transparencia\/wp-json\/wp\/v2\/pages"}],"about":[{"href":"https:\/\/mem.gob.do\/transparencia\/wp-json\/wp\/v2\/types\/page"}],"author":[{"embeddable":true,"href":"https:\/\/mem.gob.do\/transparencia\/wp-json\/wp\/v2\/users\/1"}],"replies":[{"embeddable":true,"href":"https:\/\/mem.gob.do\/transparencia\/wp-json\/wp\/v2\/comments?post=85"}],"version-history":[{"count":39,"href":"https:\/\/mem.gob.do\/transparencia\/wp-json\/wp\/v2\/pages\/85\/revisions"}],"predecessor-version":[{"id":18652,"href":"https:\/\/mem.gob.do\/transparencia\/wp-json\/wp\/v2\/pages\/85\/revisions\/18652"}],"wp:attachment":[{"href":"https:\/\/mem.gob.do\/transparencia\/wp-json\/wp\/v2\/media?parent=85"}],"wp:term":[{"taxonomy":"category","embeddable":true,"href":"https:\/\/mem.gob.do\/transparencia\/wp-json\/wp\/v2\/categories?post=85"}],"curies":[{"name":"wp","href":"https:\/\/api.w.org\/{rel}","templated":true}]}}