{"id":485,"date":"2018-10-11T19:52:04","date_gmt":"2018-10-11T19:52:04","guid":{"rendered":"http:\/\/transparencia.local\/?page_id=485"},"modified":"2026-04-20T15:33:37","modified_gmt":"2026-04-20T15:33:37","slug":"datos-abiertos","status":"publish","type":"page","link":"https:\/\/mem.gob.do\/transparencia\/datos-abiertos\/","title":{"rendered":"Datos Abiertos"},"content":{"rendered":"<div><strong>Datos.gob.do\u00a0 \u00a0<\/strong>\u00a0es el portal oficial de datos abiertos del gobierno de la Rep\u00fablica Dominicana. En \u00e9l, las organizaciones p\u00fablicas pueden gestionar y publicar sus conjuntos de datos en formatos abiertos.<\/div>\n<div>\u00a0<\/div>\n<div>Puede acceder al perfil del Ministerio de Energ\u00eda y Minas a trav\u00e9s de este enlace:\u00a0 \u00a0<a title=\"Portal de datos abiertos\" href=\"https:\/\/datos.gob.do\/dataset\/nomina-de-empleados-2025\" target=\"_blank\" rel=\"noopener noreferrer\">Datos Abiertos MEM<\/a><\/div>\n<div>\u00a0<\/div>\n<div>Tambi\u00e9n puede descargarlo a trav\u00e9s de los siguientes links, en formatos (.xlsx, .csv y .ods):<\/div>\n<div>\u00a0<\/div>\n<div><strong>N\u00f3mina de empleados<\/strong><\/div>\n\n\n<div class=\"wp-block-group is-layout-grid wp-container-core-group-is-layout-9649a0d9 wp-block-group-is-layout-grid\">\n<div class=\"wp-block-group\"><div class=\"wp-block-group__inner-container is-layout-constrained wp-block-group-is-layout-constrained\">\n<div class=\"wp-block-file\"><a id=\"wp-block-file--media-90edd698-e11b-4901-a25c-3c70e9d9d27c\" href=\"https:\/\/mem.gob.do\/transparencia\/wp-content\/uploads\/2026\/04\/NOMINA-DATOS-ABIERTOS-MARZO-2026.xlsx\">NOMINA-DATOS-ABIERTOS-MARZO-2026<\/a><a href=\"https:\/\/mem.gob.do\/transparencia\/wp-content\/uploads\/2026\/04\/NOMINA-DATOS-ABIERTOS-MARZO-2026.xlsx\" class=\"wp-block-file__button wp-element-button\" download aria-describedby=\"wp-block-file--media-90edd698-e11b-4901-a25c-3c70e9d9d27c\">Descarga<\/a><\/div>\n<\/div><\/div>\n\n\n\n<div class=\"wp-block-file\"><a id=\"wp-block-file--media-b5a8c19a-8aec-42b2-9ec3-b87a421fb27f\" href=\"http:\/\/mem.gob.do\/transparencia\/wp-content\/uploads\/2026\/04\/NOMINA-DATOS-ABIERTOS-MARZO-2026.csv\">NOMINA-DATOS-ABIERTOS-MARZO-2026<\/a><a href=\"http:\/\/mem.gob.do\/transparencia\/wp-content\/uploads\/2026\/04\/NOMINA-DATOS-ABIERTOS-MARZO-2026.csv\" class=\"wp-block-file__button wp-element-button\" download aria-describedby=\"wp-block-file--media-b5a8c19a-8aec-42b2-9ec3-b87a421fb27f\">Descarga<\/a><\/div>\n\n\n\n<div class=\"wp-block-file\"><a id=\"wp-block-file--media-f6dec04f-2ee8-41f2-aed8-795dade1ef01\" href=\"http:\/\/mem.gob.do\/transparencia\/wp-content\/uploads\/2026\/04\/NOMINA-DATOS-ABIERTOS-MARZO-2026.ods\">NOMINA-DATOS-ABIERTOS-MARZO-2026<\/a><a href=\"http:\/\/mem.gob.do\/transparencia\/wp-content\/uploads\/2026\/04\/NOMINA-DATOS-ABIERTOS-MARZO-2026.ods\" class=\"wp-block-file__button wp-element-button\" download aria-describedby=\"wp-block-file--media-f6dec04f-2ee8-41f2-aed8-795dade1ef01\">Descarga<\/a><\/div>\n<\/div>\n\n\n<div>\u00a0<\/div>\n<div><strong>Ejecuci\u00f3n Presupuestaria (Trimestral)<\/strong><\/div>\n<div>\u00a0<\/div>\n\n\n<div class=\"wp-block-group\"><div class=\"wp-block-group__inner-container is-layout-constrained wp-block-group-is-layout-constrained\">\n<div class=\"wp-block-file\"><a id=\"wp-block-file--media-a0a9a8cd-e8e8-45ea-aee1-01fd547f655f\" href=\"https:\/\/mem.gob.do\/transparencia\/wp-content\/uploads\/2026\/04\/ejecucion-presupuestaria-enero-marzo-2026.xlsx\">ejecuci\u00f3n-presupuestaria-enero-marzo-2026<\/a><a href=\"https:\/\/mem.gob.do\/transparencia\/wp-content\/uploads\/2026\/04\/ejecucion-presupuestaria-enero-marzo-2026.xlsx\" class=\"wp-block-file__button wp-element-button\" download aria-describedby=\"wp-block-file--media-a0a9a8cd-e8e8-45ea-aee1-01fd547f655f\">Descarga<\/a><\/div>\n<\/div><\/div>\n\n\n\n<div class=\"wp-block-file\"><a id=\"wp-block-file--media-bcd4589d-3c2b-43e4-bc04-c488d5c8fde8\" href=\"https:\/\/mem.gob.do\/transparencia\/wp-content\/uploads\/2026\/04\/ejecucion-presupuestaria-enero-marzo-2026.csv\">ejecuci\u00f3n-presupuestaria-enero-marzo-2026<\/a><a href=\"https:\/\/mem.gob.do\/transparencia\/wp-content\/uploads\/2026\/04\/ejecucion-presupuestaria-enero-marzo-2026.csv\" class=\"wp-block-file__button wp-element-button\" download aria-describedby=\"wp-block-file--media-bcd4589d-3c2b-43e4-bc04-c488d5c8fde8\">Descarga<\/a><\/div>\n\n\n\n<div class=\"wp-block-file\"><a id=\"wp-block-file--media-d1e2e1ff-9af5-4fc1-bf1f-ede42563adcf\" href=\"https:\/\/mem.gob.do\/transparencia\/wp-content\/uploads\/2026\/04\/ejecucion-presupuestaria-enero-marzo-2026.ods\">ejecuci\u00f3n-presupuestaria-enero-marzo-2026<\/a><a href=\"https:\/\/mem.gob.do\/transparencia\/wp-content\/uploads\/2026\/04\/ejecucion-presupuestaria-enero-marzo-2026.ods\" class=\"wp-block-file__button wp-element-button\" download aria-describedby=\"wp-block-file--media-d1e2e1ff-9af5-4fc1-bf1f-ede42563adcf\">Descarga<\/a><\/div>\n\n\n<div>\u00a0<\/div>\n<div><a style=\"font-size: inherit;\" href=\"https:\/\/datos.gob.do\/dataset\/ejecucion-presupuestaria-2024\"><strong>Ejecuci\u00f3n Presupuestaria 2024<\/strong><\/a><span style=\"font-size: inherit;\"> (3 documentos)<\/span><\/div>\n<div><a style=\"font-size: inherit;\" href=\"https:\/\/datos.gob.do\/dataset\/nomina-de-empleados-2025\"><strong>N\u00f3mina de empleados, 2025<\/strong><\/a><span style=\"font-size: inherit;\">\u00a0(3 documentos)<\/span><\/div>\n<div><a style=\"font-size: inherit;\" href=\"https:\/\/datos.gob.do\/dataset\/concesiones-de-exploracion-metalico-no-metalico\"><strong>Concesiones de Exploraci\u00f3n y Explotaci\u00f3n Minerales met\u00e1licos, no Met\u00e1licos otorgadas, 1975 &#8211; 2022 <\/strong><\/a><span style=\"font-size: inherit;\">\u00a0<\/span><\/div>\n<div><span style=\"font-size: inherit;\"> (3 documentos)<\/span><\/div>\n<div>\n<div><a style=\"font-size: inherit;\" href=\"https:\/\/datos.gob.do\/dataset\/despacho-generadoras-energia\"><strong>Despacho Empresas Generadoras de Energ\u00eda de RD<\/strong><\/a> <span style=\"font-size: inherit; color: initial;\">(3 documentos)<\/span><\/div>\n<\/div>\n\n\n<iframe loading=\"lazy\" src=\"https:\/\/www.google.com\/maps\/d\/embed?mid=1HkX1UYGenvb2R2pus0W9d7xRhY9_C1U&amp;hl=es&amp;ehbc=2E312F\" width=\"640\" height=\"480\"><\/iframe>\n\n\n\n<div class=\"wp-block-group\"><div class=\"wp-block-group__inner-container is-layout-constrained wp-block-group-is-layout-constrained\">\n<div class=\"wp-block-group\"><div class=\"wp-block-group__inner-container is-layout-constrained wp-block-group-is-layout-constrained\">\n<div class=\"wp-block-group\"><div class=\"wp-block-group__inner-container is-layout-constrained wp-block-group-is-layout-constrained\">\n<div class=\"wp-block-group\"><div class=\"wp-block-group__inner-container is-layout-constrained wp-block-group-is-layout-constrained\"><\/div><\/div>\n<\/div><\/div>\n<\/div><\/div>\n<\/div><\/div>\n\n\n\n<p><\/p>\n","protected":false},"excerpt":{"rendered":"<p>Datos.gob.do\u00a0 \u00a0\u00a0es el portal oficial de datos abiertos del gobierno de la Rep\u00fablica Dominicana. En \u00e9l, las organizaciones p\u00fablicas pueden gestionar y publicar sus conjuntos de datos en formatos abiertos. \u00a0 Puede acceder al perfil del Ministerio de Energ\u00eda y Minas a trav\u00e9s de este enlace:\u00a0 \u00a0Datos Abiertos MEM \u00a0 Tambi\u00e9n puede descargarlo a trav\u00e9s [&hellip;]<\/p>\n","protected":false},"author":1,"featured_media":0,"parent":0,"menu_order":0,"comment_status":"closed","ping_status":"closed","template":"","meta":{"_monsterinsights_skip_tracking":false,"_monsterinsights_sitenote_active":false,"_monsterinsights_sitenote_note":"","_monsterinsights_sitenote_category":0,"footnotes":""},"categories":[],"class_list":["post-485","page","type-page","status-publish","hentry"],"_links":{"self":[{"href":"https:\/\/mem.gob.do\/transparencia\/wp-json\/wp\/v2\/pages\/485","targetHints":{"allow":["GET"]}}],"collection":[{"href":"https:\/\/mem.gob.do\/transparencia\/wp-json\/wp\/v2\/pages"}],"about":[{"href":"https:\/\/mem.gob.do\/transparencia\/wp-json\/wp\/v2\/types\/page"}],"author":[{"embeddable":true,"href":"https:\/\/mem.gob.do\/transparencia\/wp-json\/wp\/v2\/users\/1"}],"replies":[{"embeddable":true,"href":"https:\/\/mem.gob.do\/transparencia\/wp-json\/wp\/v2\/comments?post=485"}],"version-history":[{"count":81,"href":"https:\/\/mem.gob.do\/transparencia\/wp-json\/wp\/v2\/pages\/485\/revisions"}],"predecessor-version":[{"id":21684,"href":"https:\/\/mem.gob.do\/transparencia\/wp-json\/wp\/v2\/pages\/485\/revisions\/21684"}],"wp:attachment":[{"href":"https:\/\/mem.gob.do\/transparencia\/wp-json\/wp\/v2\/media?parent=485"}],"wp:term":[{"taxonomy":"category","embeddable":true,"href":"https:\/\/mem.gob.do\/transparencia\/wp-json\/wp\/v2\/categories?post=485"}],"curies":[{"name":"wp","href":"https:\/\/api.w.org\/{rel}","templated":true}]}}