{"id":3,"date":"2018-07-03T18:42:02","date_gmt":"2018-07-03T18:42:02","guid":{"rendered":"http:\/\/wptransparencia.localhost\/?page_id=3"},"modified":"2025-07-11T19:41:15","modified_gmt":"2025-07-11T19:41:15","slug":"politica-privacidad","status":"publish","type":"page","link":"https:\/\/mem.gob.do\/transparencia\/politica-privacidad\/","title":{"rendered":"Pol\u00edtica de privacidad"},"content":{"rendered":"<p>Estas Pol\u00edticas (en adelante, las \u00abPol\u00edticas\u00bb) condicionan el uso de los servicios del Portal de Internet <a href=\"https:\/\/mem.gob.do\/transparencia\/\">https:\/\/mem.gob.do\/transparencia\/<\/a> (en adelante, el \u00abPortal\u00bb) del organismo gubernamental \u00abMinisterio de Energ\u00eda y Minas\u00bb (en lo que sigue, \u00abOrganismo Gubernamental\u00bb), instituci\u00f3n gubernamental con dependencia directa del Poder Ejecutivo, creada mediante la Ley No. 142-13, de fecha 30 de julio del a\u00f1o 2013, con su domicilio y oficina principal en la Ave. Tiradentes # 53, esquina Heriberto Pieter, Bloque B, Ensanche Naco, Santo Domingo, R.D.<\/p>\n<ol>\n<li>Condiciones.\n<ol>\n<li>Menores de edad.- Para hacer uso de los Servicios que requieran la recopilaci\u00f3n de Datos Personales por parte del Organismo Gubernamental a trav\u00e9s del Portal, los menores de edad deben obtener permiso previo por parte de sus padres, tutores o representantes legales, quienes ser\u00e1n considerados responsables de todos los actos realizados por los menores dispuestos a su cargo.<\/li>\n<li>Obligaci\u00f3n de hacer un uso correcto del Portal y de los Servicios.- El Usuario se compromete a utilizar el Portal y los Servicios de conformidad con la ley, las presentes Pol\u00edticas, los T\u00e9rminos de Uso, las Condiciones Particulares de ciertos Servicios y dem\u00e1s avisos e instrucciones puestos en su conocimiento, as\u00ed como el orden p\u00fablico, la moral y las buenas costumbres generalmente aceptadas.<\/li>\n<li>El Usuario deber\u00e1 abstenerse de obtener e incluso de intentar obtener los Contenidos empleando para ello medios o procedimientos distintos de los que, seg\u00fan los casos, se hayan puesto a su disposici\u00f3n al efecto o se hayan indicado en las p\u00e1ginas Web donde se encuentren los contenidos o, en general, de los que se empleen habitualmente en la Internet, siempre que no entra\u00f1en un riesgo de da\u00f1o o inutilizaci\u00f3n del Portal, de los Servicios y\/o de los contenidos.<\/li>\n<li>El Usuario o terceros perjudicados por la recepci\u00f3n de mensajes no solicitados dirigidos a una pluralidad de personas podr\u00e1n comunic\u00e1rselo al Organismo Gubernamental remitiendo un mensaje a la siguiente direcci\u00f3n de correo electr\u00f3nico: <a href=\"mailto:info@mem.gob.do?subject=Ministerio de Energ\u00eda y Minas - Contacto sobre Politicas de privacidad\">info@mem.gob.do<\/a>.<\/li>\n<\/ol>\n<\/li>\n<li>No Licencia.\n<ol>\n<li>Todas las marcas, nombres comerciales o signos distintivos de cualquier clase que aparecen en el Portal son propiedad del Organismo Gubernamental o de terceros, sin que pueda entenderse que el uso o acceso al Portal y\/o a los Servicios atribuya al Usuario derecho alguno sobre los citados signos distintivos.<\/li>\n<li>As\u00ed mismo, los Contenidos son propiedad intelectual del Organismo Gubernamental o de terceros, sin que puedan entenderse cedidos al Usuario, en virtud de lo establecido en estas Pol\u00edticas, ninguno de los derechos de explotaci\u00f3n que existen o puedan existir sobre dichos contenidos m\u00e1s all\u00e1 de lo estrictamente necesario para el correcto uso del Portal y de los Servicios, es decir, el Usuario podr\u00e1 consultar, copiar y almacenar en el disco duro de su computadora o en cualquier otro soporte f\u00edsico, imprimir o reproducir el material disponible en esta p\u00e1gina Web, exclusivamente para su uso personal o privado, o el que se realice dentro de su empresa u organizaci\u00f3n, haciendo menci\u00f3n en todo momento de la propiedad que sobre \u00e9ste posee el Organismo Gubernamental, quedando terminantemente prohibido realizar alteraciones, modificaciones o descompilaci\u00f3n de su contenido.<\/li>\n<li>Queda estrictamente prohibida la comercializaci\u00f3n en cualquier forma y bajo cualquier t\u00edtulo del material contenido en este sitio, sin contar con la previa autorizaci\u00f3n por escrito del Organismo Gubernamental. Este portal podr\u00e1 contener informaci\u00f3n proveniente de otras fuentes, por lo que en estos casos, se deber\u00e1 requerir el consentimiento de ellas para su reproducci\u00f3n.<\/li>\n<\/ol>\n<\/li>\n<li>Exclusi\u00f3n de garant\u00edas y de responsabilidad.\n<ol>\n<li>Disponibilidad y continuidad, utilidad y falibilidad.- El Organismo Gubernamental no garantiza la disponibilidad y continuidad del funcionamiento del Portal y de los Servicios. Cuando ello sea razonablemente posible, el Organismo Gubernamental advertir\u00e1 previamente de las interrupciones en el funcionamiento del Portal y de los Servicios. El Organismo Gubernamental tampoco garantiza la utilidad del Portal y de los Servicios para la realizaci\u00f3n de ninguna actividad en concreto, ni su infalibilidad y, en particular, aunque no de modo excluyente, que el Usuario pueda efectivamente utilizar el Portal y los Servicios, acceder a las distintas p\u00e1ginas Web que forman el Portal o a aquellas desde las que se prestan los Servicios.<\/li>\n<li>EL ORGANISMO GUBERNAMENTAL EXCLUYE CUALQUIER RESPONSABILIDAD POR DA\u00d1OS Y PERJUICIOS DE TODA NATURALEZA QUE PUEDAN DEBERSE A LA FALTA DE DISPONIBILIDAD O DE CONTINUIDAD DEL FUNCIONAMIENTO DEL PORTAL Y DE LOS SERVICIOS, A LA DEFRAUDACI\u00d3N DE LA UTILIDAD QUE EL USUARIO HUBIERE PODIDO ATRIBUIR AL PORTAL Y\/O A LOS SERVICIOS, A LA FALIBILIDAD DEL PORTAL Y\/O DE LOS SERVICIOS, Y EN PARTICULAR, AUNQUE NO DE MODO EXCLUYENTE, A LOS FALLOS EN EL ACCESO A LAS DISTINTAS P\u00e1GINAS WEB DEL PORTAL O A AQUELLAS DESDE LAS QUE SE PRESTAN LOS SERVICIOS.<\/li>\n<li>Privacidad y seguridad en la utilizaci\u00f3n del Portal y de los Servicios.- El Organismo Gubernamental no garantiza la privacidad y seguridad de la utilizaci\u00f3n del Portal y de los Servicios y, en particular, no garantiza que terceros no autorizados no puedan tener conocimiento de la clase, condiciones, caracter\u00edsticas y circunstancias del uso que el Usuario hacen del Portal y de los Servicios.<\/li>\n<li>Calidad.- El Organismo Gubernamental no controla ni garantiza la ausencia de virus ni de otros elementos en los Contenidos que puedan producir alteraciones en su sistema inform\u00e1tico (software y hardware) o en los documentos electr\u00f3nicos y ficheros almacenados en su sistema inform\u00e1tico.<\/li>\n<li>Veracidad, exactitud y actualidad.- LA OPTIC EXCLUYE CUALQUIER RESPONSABILIDAD POR LOS DA\u00d1OS Y PERJUICIOS DE TODA NATURALEZA QUE PUEDAN GENERARSE POR LA FALTA DE VERACIDAD, EXACTITUD Y\/O ACTUALIDAD DE LOS CONTENIDOS.<\/li>\n<li>Licitud, fiabilidad y utilidad.- El Organismo Gubernamental no garantiza la licitud, fiabilidad y utilidad de los servicios prestados por terceros a trav\u00e9s del Portal. LA OPTIC EXCLUYE CUALQUIER RESPONSABILIDAD POR LOS DA\u00d1OS Y PERJUICIOS DE TODA NATURALEZA QUE PUEDAN GENERARSE POR LOS SERVICIOS PRESTADOS POR TERCEROS A TRAV\u00c9S DEL PORTAL.<\/li>\n<\/ol>\n<\/li>\n<li>Procedimiento en caso de realizaci\u00f3n de actividades de car\u00e1cter il\u00edcito.\n<ol>\n<li>En el caso de que cualquier Usuario o un tercero considere que existen hechos o circunstancias que revelen el car\u00e1cter il\u00edcito de la utilizaci\u00f3n de cualquier contenido y\/o de la realizaci\u00f3n de cualquier actividad en las p\u00e1ginas Web incluidas o accesibles a trav\u00e9s del Portal, y, en particular, de la violaci\u00f3n de derechos de propiedad intelectual u otros derechos, deber\u00e1 enviar una notificaci\u00f3n al Organismo Gubernamental en la que se exprese lo siguiente:\n<ol>\n<li>Datos personales del reclamante: nombre, n\u00famero de c\u00e9dula (o pasaporte, en caso de extranjeros), direcci\u00f3n, n\u00famero de tel\u00e9fono y direcci\u00f3n de correo electr\u00f3nico;<\/li>\n<li>Especificaci\u00f3n de la supuesta actividad il\u00edcita llevada a cabo en el Portal y, en particular, cuando se trate de una supuesta violaci\u00f3n de derechos, indicaci\u00f3n precisa y concreta de los contenidos protegidos as\u00ed como de su localizaci\u00f3n en las p\u00e1ginas Web;<\/li>\n<li>Hechos o circunstancias que revelan el car\u00e1cter il\u00edcito de dicha actividad;<\/li>\n<li>En el supuesto de violaci\u00f3n de derechos, firma manuscrita o equivalente, con los Datos Personales del titular de los derechos supuestamente infringidos o de la persona autorizada para actuar en nombre y por cuenta de \u00e9sta;<\/li>\n<li>Declaraci\u00f3n expresa, clara y bajo la responsabilidad del reclamante de que la informaci\u00f3n proporcionada en la notificaci\u00f3n es exacta y del car\u00e1cter il\u00edcito de la utilizaci\u00f3n de los contenidos o de la realizaci\u00f3n de las actividades descritas.<\/li>\n<\/ol>\n<\/li>\n<\/ol>\n<\/li>\n<li>Notificaciones.\n<ol>\n<li>Todas las notificaciones y comunicaciones (en adelante, las \u00abNotificaciones\u00bb) por parte del Usuario al Organismo Gubernamental se considerar\u00e1n eficaces, a todos los efectos, cuando se nos env\u00eden por mensajer\u00eda a la siguiente direcci\u00f3n: Ave. Tiradentes # 53, esquina Heriberto Pieter, Bloque B, Ensanche Naco, Santo Domingo, R.D.<\/li>\n<\/ol>\n<\/li>\n<li>Legislaci\u00f3n aplicable.\n<ol>\n<li>Las Presentes Pol\u00edticas se rige en todas y cada una de sus partes por las leyes de la Rep\u00fablica Dominicana.<\/li>\n<\/ol>\n<\/li>\n<li>Jurisdicci\u00f3n.\n<ol>\n<li>El Organismo Gubernamental y el Usuario, con renuncia t\u00e1cita a cualquier otro fuero, se someten al de los tribunales de la Rep\u00fablica Dominicana. Para cualquier sugerencia o propuesta de colaboraci\u00f3n escr\u00edbanos a nuestro correo electr\u00f3nico <a href=\"mailto:info@mem.gob.do?subject=Ministerio de Energ\u00eda y Minas - Sugerencia\/Colaboraci\u00f3n. Enviado desde Politicas de privacidad\">info@mem.gob.do<\/a>. Esta direcci\u00f3n de correo electr\u00f3nico est\u00e1 siendo protegida de \\\u00bbspam bots\\\u00bb, necesita habilitar Javascript para poder verla, o ll\u00e1menos al siguiente n\u00famero de tel\u00e9fono: 809-373-1800.<\/li>\n<\/ol>\n<\/li>\n<\/ol>\n","protected":false},"excerpt":{"rendered":"<p>Estas Pol\u00edticas (en adelante, las \u00abPol\u00edticas\u00bb) condicionan el uso de los servicios del Portal de Internet https:\/\/mem.gob.do\/transparencia\/ (en adelante, el \u00abPortal\u00bb) del organismo gubernamental \u00abMinisterio de Energ\u00eda y Minas\u00bb (en lo que sigue, \u00abOrganismo Gubernamental\u00bb), instituci\u00f3n gubernamental con dependencia directa del Poder Ejecutivo, creada mediante la Ley No. 142-13, de fecha 30 de julio del [&hellip;]<\/p>\n","protected":false},"author":1,"featured_media":0,"parent":0,"menu_order":0,"comment_status":"closed","ping_status":"open","template":"","meta":{"_monsterinsights_skip_tracking":false,"_monsterinsights_sitenote_active":false,"_monsterinsights_sitenote_note":"","_monsterinsights_sitenote_category":0,"footnotes":""},"categories":[],"class_list":["post-3","page","type-page","status-publish","hentry"],"_links":{"self":[{"href":"https:\/\/mem.gob.do\/transparencia\/wp-json\/wp\/v2\/pages\/3","targetHints":{"allow":["GET"]}}],"collection":[{"href":"https:\/\/mem.gob.do\/transparencia\/wp-json\/wp\/v2\/pages"}],"about":[{"href":"https:\/\/mem.gob.do\/transparencia\/wp-json\/wp\/v2\/types\/page"}],"author":[{"embeddable":true,"href":"https:\/\/mem.gob.do\/transparencia\/wp-json\/wp\/v2\/users\/1"}],"replies":[{"embeddable":true,"href":"https:\/\/mem.gob.do\/transparencia\/wp-json\/wp\/v2\/comments?post=3"}],"version-history":[{"count":4,"href":"https:\/\/mem.gob.do\/transparencia\/wp-json\/wp\/v2\/pages\/3\/revisions"}],"predecessor-version":[{"id":20584,"href":"https:\/\/mem.gob.do\/transparencia\/wp-json\/wp\/v2\/pages\/3\/revisions\/20584"}],"wp:attachment":[{"href":"https:\/\/mem.gob.do\/transparencia\/wp-json\/wp\/v2\/media?parent=3"}],"wp:term":[{"taxonomy":"category","embeddable":true,"href":"https:\/\/mem.gob.do\/transparencia\/wp-json\/wp\/v2\/categories?post=3"}],"curies":[{"name":"wp","href":"https:\/\/api.w.org\/{rel}","templated":true}]}}