{"id":2,"date":"2018-07-03T18:42:02","date_gmt":"2018-07-03T18:42:02","guid":{"rendered":"http:\/\/wptransparencia.localhost\/?page_id=2"},"modified":"2026-02-16T19:23:01","modified_gmt":"2026-02-16T19:23:01","slug":"organigrama","status":"publish","type":"page","link":"https:\/\/mem.gob.do\/transparencia\/organigrama\/","title":{"rendered":"Organigrama Institucional"},"content":{"rendered":"<h2>Estructura Org\u00e1nica de la Instituci\u00f3n aprobada por el Ministerio de Administraci\u00f3n P\u00fablica (MAP).<\/h2>\n<h4><a href=\"http:\/\/mem.gob.do\/transparencia\/wp-content\/uploads\/2026\/02\/Organigrama-Estructura-Organizacional-MEM-Aprobado-por-el-Ministerio-de-Administracion-Publica-MAP-2024.pdf\">Organigrama del Ministerio de Energ\u00eda y Minas<\/a><\/h4>\n<h4><a href=\"http:\/\/mem.gob.do\/transparencia\/wp-content\/uploads\/2026\/02\/Resolucion-R-MEM-ADM-011-2024.pdf\"><span data-olk-copy-source=\"MessageBody\">Resoluci\u00f3n n\u00fam. R-MEM-ADM-011-2024 que modifica la Estructura Organizativa del Ministerio de Energ\u00eda y Minas<\/span><\/a><\/h4>\n<h4><a href=\"http:\/\/mem.gob.do\/transparencia\/wp-content\/uploads\/2026\/02\/Manual-de-Cargos-y-Perfiles-MEM-2023-1.pdf\"><span data-olk-copy-source=\"MessageBody\">MANUAL DE CARGOS COMUNES Y T\u00cdPICOS DEL MINISTERIO DE ENERG\u00cdA Y MINAS (VIGENTE)<\/span><\/a><\/h4>\n<h4><a href=\"http:\/\/mem.gob.do\/transparencia\/wp-content\/uploads\/2026\/02\/Manual-de-Organizacion-y-Funciones-2024-Vigente-1.pdf\" target=\"_blank\" rel=\"noopener\">Manual de Organizaci\u00f3n y Funciones Institucional (MOF) del Ministerio de Energ\u00eda y Minas (VIGENTE)<\/a><\/h4>\n\n<div style='width: 100%;'><div style='position: relative; padding-bottom:56.25%; padding-top: 0; height: 0;'><iframe frameborder='0' width='1200' height='675' style='position:absolute; top: 0; left: 0; width: 100%; height: 100%;' src='https:\/\/view.genially.com\/660189f893c1930014b9a88a' type='text\/html' allowscriptaccess='always' allowfullscreen='true' scrolling='yes' allownetworking='all'><\/iframe><\/div><\/div>\n\n\n\n<div class=\"wp-block-buttons is-layout-flex wp-block-buttons-is-layout-flex\">\n<div class=\"wp-block-button is-style-outline is-style-outline--1\"><a class=\"wp-block-button__link has-white-background-color has-background wp-element-button\" href=\"https:\/\/view.genial.ly\/660189f893c1930014b9a88a\" target=\"_blank\" rel=\"noreferrer noopener\">Ver Organigrama En Grande<\/a><\/div>\n<\/div>\n","protected":false},"excerpt":{"rendered":"<p>Estructura Org\u00e1nica de la Instituci\u00f3n aprobada por el Ministerio de Administraci\u00f3n P\u00fablica (MAP). Organigrama del Ministerio de Energ\u00eda y Minas Resoluci\u00f3n n\u00fam. R-MEM-ADM-011-2024 que modifica la Estructura Organizativa del Ministerio de Energ\u00eda y Minas MANUAL DE CARGOS COMUNES Y T\u00cdPICOS DEL MINISTERIO DE ENERG\u00cdA Y MINAS (VIGENTE) Manual de Organizaci\u00f3n y Funciones Institucional (MOF) del [&hellip;]<\/p>\n","protected":false},"author":1,"featured_media":0,"parent":0,"menu_order":0,"comment_status":"closed","ping_status":"open","template":"","meta":{"_monsterinsights_skip_tracking":false,"_monsterinsights_sitenote_active":false,"_monsterinsights_sitenote_note":"","_monsterinsights_sitenote_category":0,"footnotes":""},"categories":[],"class_list":["post-2","page","type-page","status-publish","hentry"],"_links":{"self":[{"href":"https:\/\/mem.gob.do\/transparencia\/wp-json\/wp\/v2\/pages\/2","targetHints":{"allow":["GET"]}}],"collection":[{"href":"https:\/\/mem.gob.do\/transparencia\/wp-json\/wp\/v2\/pages"}],"about":[{"href":"https:\/\/mem.gob.do\/transparencia\/wp-json\/wp\/v2\/types\/page"}],"author":[{"embeddable":true,"href":"https:\/\/mem.gob.do\/transparencia\/wp-json\/wp\/v2\/users\/1"}],"replies":[{"embeddable":true,"href":"https:\/\/mem.gob.do\/transparencia\/wp-json\/wp\/v2\/comments?post=2"}],"version-history":[{"count":63,"href":"https:\/\/mem.gob.do\/transparencia\/wp-json\/wp\/v2\/pages\/2\/revisions"}],"predecessor-version":[{"id":21389,"href":"https:\/\/mem.gob.do\/transparencia\/wp-json\/wp\/v2\/pages\/2\/revisions\/21389"}],"wp:attachment":[{"href":"https:\/\/mem.gob.do\/transparencia\/wp-json\/wp\/v2\/media?parent=2"}],"wp:term":[{"taxonomy":"category","embeddable":true,"href":"https:\/\/mem.gob.do\/transparencia\/wp-json\/wp\/v2\/categories?post=2"}],"curies":[{"name":"wp","href":"https:\/\/api.w.org\/{rel}","templated":true}]}}