{"id":138,"date":"2018-08-17T18:48:30","date_gmt":"2018-08-17T18:48:30","guid":{"rendered":"http:\/\/wptransparencia.localhost\/?page_id=138"},"modified":"2026-04-09T17:19:47","modified_gmt":"2026-04-09T17:19:47","slug":"informacion-clasificada","status":"publish","type":"page","link":"https:\/\/mem.gob.do\/transparencia\/informacion-clasificada\/","title":{"rendered":"Informaci\u00f3n clasificada"},"content":{"rendered":"\n<p>Durante<strong>\u00a0<\/strong>el mes de <strong>marzo\u00a02026<\/strong>,\u00a0no se realiz\u00f3 acto de clasificaci\u00f3n de informaci\u00f3n.<\/p>\n\n\n\n<p>Durante<strong>&nbsp;<\/strong>el mes de <strong>febrero&nbsp;2026<\/strong>,&nbsp;no se realiz\u00f3 acto de clasificaci\u00f3n de informaci\u00f3n.<\/p>\n\n\n\n<p>Durante<strong>&nbsp;<\/strong>el mes de <strong>enero&nbsp;2026<\/strong>,&nbsp;no se realiz\u00f3 acto de clasificaci\u00f3n de informaci\u00f3n.<\/p>\n\n\n\n<p>No existen actos de clasificaci\u00f3n de informaci\u00f3n en el <strong>a\u00f1o 2025.<\/strong><\/p>\n\n\n\n<p>No existen actos de clasificaci\u00f3n de informaci\u00f3n en el <strong>a\u00f1o 2024.<\/strong><\/p>\n\n\n\n<p>No existen actos de clasificaci\u00f3n de informaci\u00f3n en el <strong>a\u00f1o 2023.<\/strong><\/p>\n\n\n\n<p>No existen actos de clasificaci\u00f3n de informaci\u00f3n en el <strong>a\u00f1o 2022.<\/strong><\/p>\n\n\n\n<p>No existen actos de clasificaci\u00f3n de informaci\u00f3n en el <strong>a\u00f1o 2021.<\/strong><\/p>\n\n\n\n<p><\/p>\n","protected":false},"excerpt":{"rendered":"<p>Durante\u00a0el mes de marzo\u00a02026,\u00a0no se realiz\u00f3 acto de clasificaci\u00f3n de informaci\u00f3n. Durante&nbsp;el mes de febrero&nbsp;2026,&nbsp;no se realiz\u00f3 acto de clasificaci\u00f3n de informaci\u00f3n. Durante&nbsp;el mes de enero&nbsp;2026,&nbsp;no se realiz\u00f3 acto de clasificaci\u00f3n de informaci\u00f3n. No existen actos de clasificaci\u00f3n de informaci\u00f3n en el a\u00f1o 2025. No existen actos de clasificaci\u00f3n de informaci\u00f3n en el a\u00f1o 2024. [&hellip;]<\/p>\n","protected":false},"author":1,"featured_media":0,"parent":0,"menu_order":0,"comment_status":"closed","ping_status":"closed","template":"","meta":{"_monsterinsights_skip_tracking":false,"_monsterinsights_sitenote_active":false,"_monsterinsights_sitenote_note":"","_monsterinsights_sitenote_category":0,"footnotes":""},"categories":[],"class_list":["post-138","page","type-page","status-publish","hentry"],"_links":{"self":[{"href":"https:\/\/mem.gob.do\/transparencia\/wp-json\/wp\/v2\/pages\/138","targetHints":{"allow":["GET"]}}],"collection":[{"href":"https:\/\/mem.gob.do\/transparencia\/wp-json\/wp\/v2\/pages"}],"about":[{"href":"https:\/\/mem.gob.do\/transparencia\/wp-json\/wp\/v2\/types\/page"}],"author":[{"embeddable":true,"href":"https:\/\/mem.gob.do\/transparencia\/wp-json\/wp\/v2\/users\/1"}],"replies":[{"embeddable":true,"href":"https:\/\/mem.gob.do\/transparencia\/wp-json\/wp\/v2\/comments?post=138"}],"version-history":[{"count":74,"href":"https:\/\/mem.gob.do\/transparencia\/wp-json\/wp\/v2\/pages\/138\/revisions"}],"predecessor-version":[{"id":21620,"href":"https:\/\/mem.gob.do\/transparencia\/wp-json\/wp\/v2\/pages\/138\/revisions\/21620"}],"wp:attachment":[{"href":"https:\/\/mem.gob.do\/transparencia\/wp-json\/wp\/v2\/media?parent=138"}],"wp:term":[{"taxonomy":"category","embeddable":true,"href":"https:\/\/mem.gob.do\/transparencia\/wp-json\/wp\/v2\/categories?post=138"}],"curies":[{"name":"wp","href":"https:\/\/api.w.org\/{rel}","templated":true}]}}