{"id":117,"date":"2018-10-22T08:00:33","date_gmt":"2018-10-22T08:00:33","guid":{"rendered":"http:\/\/wptransparencia.localhost\/?page_id=117"},"modified":"2026-02-11T18:25:38","modified_gmt":"2026-02-11T18:25:38","slug":"estructura-organizacional-de-la-oai","status":"publish","type":"page","link":"https:\/\/mem.gob.do\/transparencia\/estructura-organizacional-de-la-oai\/","title":{"rendered":"Estructura organizacional de la OAI"},"content":{"rendered":"\n<p>\u00abNo se dispone del organigrama parcial de la OAI, ya que no es imperativo que el MAP apruebe de manera parcial los organigramas de las unidades organizativas, m\u00e1xime cuando se trata de una Estructura Organizativa Homog\u00e9nea (v\u00e9ase la Resoluci\u00f3n No. 194-2012 que aprueba la estructura organizativa y de cargos de las oficinas de Acceso a la Informaci\u00f3n Publica).\u00bb<\/p>\n","protected":false},"excerpt":{"rendered":"<p>\u00abNo se dispone del organigrama parcial de la OAI, ya que no es imperativo que el MAP apruebe de manera parcial los organigramas de las unidades organizativas, m\u00e1xime cuando se trata de una Estructura Organizativa Homog\u00e9nea (v\u00e9ase la Resoluci\u00f3n No. 194-2012 que aprueba la estructura organizativa y de cargos de las oficinas de Acceso a [&hellip;]<\/p>\n","protected":false},"author":1,"featured_media":0,"parent":0,"menu_order":0,"comment_status":"closed","ping_status":"closed","template":"","meta":{"_monsterinsights_skip_tracking":false,"_monsterinsights_sitenote_active":false,"_monsterinsights_sitenote_note":"","_monsterinsights_sitenote_category":0,"footnotes":""},"categories":[],"class_list":["post-117","page","type-page","status-publish","hentry"],"_links":{"self":[{"href":"https:\/\/mem.gob.do\/transparencia\/wp-json\/wp\/v2\/pages\/117","targetHints":{"allow":["GET"]}}],"collection":[{"href":"https:\/\/mem.gob.do\/transparencia\/wp-json\/wp\/v2\/pages"}],"about":[{"href":"https:\/\/mem.gob.do\/transparencia\/wp-json\/wp\/v2\/types\/page"}],"author":[{"embeddable":true,"href":"https:\/\/mem.gob.do\/transparencia\/wp-json\/wp\/v2\/users\/1"}],"replies":[{"embeddable":true,"href":"https:\/\/mem.gob.do\/transparencia\/wp-json\/wp\/v2\/comments?post=117"}],"version-history":[{"count":2,"href":"https:\/\/mem.gob.do\/transparencia\/wp-json\/wp\/v2\/pages\/117\/revisions"}],"predecessor-version":[{"id":8728,"href":"https:\/\/mem.gob.do\/transparencia\/wp-json\/wp\/v2\/pages\/117\/revisions\/8728"}],"wp:attachment":[{"href":"https:\/\/mem.gob.do\/transparencia\/wp-json\/wp\/v2\/media?parent=117"}],"wp:term":[{"taxonomy":"category","embeddable":true,"href":"https:\/\/mem.gob.do\/transparencia\/wp-json\/wp\/v2\/categories?post=117"}],"curies":[{"name":"wp","href":"https:\/\/api.w.org\/{rel}","templated":true}]}}