{"id":1068,"date":"2018-10-22T14:44:46","date_gmt":"2018-10-22T14:44:46","guid":{"rendered":"http:\/\/test.mem.gob.do\/transparencia\/?page_id=1068"},"modified":"2025-05-15T14:23:51","modified_gmt":"2025-05-15T14:23:51","slug":"oficina-de-acceso-a-la-informacion-2","status":"publish","type":"page","link":"https:\/\/mem.gob.do\/transparencia\/oficina-de-acceso-a-la-informacion-2\/","title":{"rendered":"Oficina de Acceso a la Informaci\u00f3n"},"content":{"rendered":"<h3>Definici\u00f3n OAI (Oficina de Acceso a la Informaci\u00f3n p\u00fablica)<\/h3>\n<p>La Oficina de Acceso a la Informaci\u00f3n (OAI), es un mandato de la Ley General de Libre Acceso a la Informaci\u00f3n P\u00fablica Ley 200-04 y el Decreto No. 130-05 que crea el reglamento de dicha ley, con el objetivo de apoyar a entidades y personas tanto p\u00fablicas como privadas mediante las informaciones solicitadas.<\/p>\n<h3>Visi\u00f3n<\/h3>\n<p>Mantener a disposici\u00f3n de los ciudadanos y ciudadanas todas las informaciones que son requeridas en virtud de la Ley No. 200-04, a los fines de contribuir con el fortalecimiento de la transparencia en la administraci\u00f3n p\u00fablica para beneficio de la sociedad en general.<\/p>\n<h3>Misi\u00f3n<\/h3>\n<p>Cumplir con el deber de garantizar el libre acceso a la informaci\u00f3n y publicidad de los actos de gobierno, estimular la transparencia de los actos de nuestros representantes y ofrecer un servicio permanente y actualizado de facilitar la informaci\u00f3n p\u00fablica.<\/p>\n<h3>Definici\u00f3n RAI<\/h3>\n<p>El representante de Acceso a la Informaci\u00f3n, es el responsable de tramitar y facilitar las informaciones requeridas y de ser el canal de comunicaci\u00f3n entre la instituci\u00f3n, ciudadanos y ciudadanas.<\/p>\n<h3>Informaci\u00f3n Clasificada<\/h3>\n<p><a href=\"\/transparencia\/informacion-clasificada\"> Ver documentos<\/a><\/p>\n<h3>Contacto Responsable de Acceso a la Informaci\u00f3n<\/h3>\n<p>Marileisy Arnaud De La Rosa<br \/>\n<strong>Responsable de Acceso a la Informacion (RAI)<\/strong><br \/>\nTel\u00e9fono: 809-373-1800<br \/>\nExtensi\u00f3n: 1059\/1061<br \/>\nCorreo electr\u00f3nico:\u00a0<a href=\"mailto:oai@mem.gob.do?subject=Contacto%20RAI%20-%20Ministerio%20de%20Energ%C3%ADa%20y%20Minas\">oai@mem.gob.do<\/a><\/p>\n","protected":false},"excerpt":{"rendered":"<p>Definici\u00f3n OAI (Oficina de Acceso a la Informaci\u00f3n p\u00fablica) La Oficina de Acceso a la Informaci\u00f3n (OAI), es un mandato de la Ley General de Libre Acceso a la Informaci\u00f3n P\u00fablica Ley 200-04 y el Decreto No. 130-05 que crea el reglamento de dicha ley, con el objetivo de apoyar a entidades y personas tanto [&hellip;]<\/p>\n","protected":false},"author":1,"featured_media":0,"parent":0,"menu_order":0,"comment_status":"closed","ping_status":"closed","template":"","meta":{"_monsterinsights_skip_tracking":false,"_monsterinsights_sitenote_active":false,"_monsterinsights_sitenote_note":"","_monsterinsights_sitenote_category":0,"footnotes":""},"categories":[],"class_list":["post-1068","page","type-page","status-publish","hentry"],"_links":{"self":[{"href":"https:\/\/mem.gob.do\/transparencia\/wp-json\/wp\/v2\/pages\/1068","targetHints":{"allow":["GET"]}}],"collection":[{"href":"https:\/\/mem.gob.do\/transparencia\/wp-json\/wp\/v2\/pages"}],"about":[{"href":"https:\/\/mem.gob.do\/transparencia\/wp-json\/wp\/v2\/types\/page"}],"author":[{"embeddable":true,"href":"https:\/\/mem.gob.do\/transparencia\/wp-json\/wp\/v2\/users\/1"}],"replies":[{"embeddable":true,"href":"https:\/\/mem.gob.do\/transparencia\/wp-json\/wp\/v2\/comments?post=1068"}],"version-history":[{"count":6,"href":"https:\/\/mem.gob.do\/transparencia\/wp-json\/wp\/v2\/pages\/1068\/revisions"}],"predecessor-version":[{"id":20469,"href":"https:\/\/mem.gob.do\/transparencia\/wp-json\/wp\/v2\/pages\/1068\/revisions\/20469"}],"wp:attachment":[{"href":"https:\/\/mem.gob.do\/transparencia\/wp-json\/wp\/v2\/media?parent=1068"}],"wp:term":[{"taxonomy":"category","embeddable":true,"href":"https:\/\/mem.gob.do\/transparencia\/wp-json\/wp\/v2\/categories?post=1068"}],"curies":[{"name":"wp","href":"https:\/\/api.w.org\/{rel}","templated":true}]}}